{"id":189,"date":"2022-10-13T21:17:18","date_gmt":"2022-10-14T00:17:18","guid":{"rendered":"https:\/\/paganinisolucoeseletricas.com.br\/site\/?page_id=189"},"modified":"2023-02-09T14:44:36","modified_gmt":"2023-02-09T17:44:36","slug":"instalacao-baixa-media-tensao","status":"publish","type":"page","link":"https:\/\/paganinisolucoeseletricas.com.br\/site\/instalacao-baixa-media-tensao\/","title":{"rendered":"Instala\u00e7\u00e3o e manuten\u00e7\u00e3o de baixa e m\u00e9dia tens\u00e3o"},"content":{"rendered":"<p>[et_pb_section fb_built=&#8221;1&#8243; admin_label=&#8221;Hero section&#8221; _builder_version=&#8221;4.18.0&#8243; use_background_color_gradient=&#8221;on&#8221; background_color_gradient_stops=&#8221;rgba(226,154,147,0) 0%|#eac51e 100%&#8221; background_color_gradient_overlays_image=&#8221;on&#8221; background_color_gradient_start=&#8221;rgba(150,105,97,0.67)&#8221; background_color_gradient_end=&#8221;rgba(2,0,76,0.84)&#8221; background_image=&#8221;https:\/\/paganinisolucoeseletricas.com.br\/site\/wp-content\/uploads\/2022\/05\/sven-mieke-fteR0e2BzKo-unsplash.jpg&#8221; parallax=&#8221;on&#8221; min_height=&#8221;296px&#8221; custom_margin=&#8221;|||&#8221; custom_padding=&#8221;0%||0%|||&#8221; global_colors_info=&#8221;{}&#8221;][et_pb_row _builder_version=&#8221;4.18.0&#8243; custom_margin=&#8221;|||&#8221; global_colors_info=&#8221;{}&#8221;][et_pb_column type=&#8221;4_4&#8243; _builder_version=&#8221;4.16&#8243; custom_padding=&#8221;1px|||&#8221; global_colors_info=&#8221;{}&#8221; custom_padding__hover=&#8221;|||&#8221;][et_pb_text _builder_version=&#8221;4.18.0&#8243; text_font=&#8221;Lato||||||||&#8221; text_font_size=&#8221;20px&#8221; text_line_height=&#8221;1.8em&#8221; header_font=&#8221;Lato|900|||||||&#8221; header_font_size=&#8221;80px&#8221; header_letter_spacing=&#8221;2px&#8221; header_line_height=&#8221;1.2em&#8221; background_layout=&#8221;dark&#8221; animation_style=&#8221;fold&#8221; header_font_size_tablet=&#8221;46px&#8221; header_font_size_phone=&#8221;&#8221; header_font_size_last_edited=&#8221;on|tablet&#8221; global_colors_info=&#8221;{}&#8221;]<\/p>\n<h1><strong>Instala\u00e7\u00e3o e manuten\u00e7\u00e3o<\/strong><\/h1>\n<h1><strong>de baixa e m\u00e9dia tens\u00e3o<\/strong><\/h1>\n<p>[\/et_pb_text][\/et_pb_column][\/et_pb_row][\/et_pb_section][et_pb_section fb_built=&#8221;1&#8243; _builder_version=&#8221;4.18.0&#8243; background_color=&#8221;#FFFFFF&#8221; background_position=&#8221;top_center&#8221; custom_margin=&#8221;|||&#8221; custom_padding=&#8221;51px||100px|||&#8221; global_colors_info=&#8221;{}&#8221;][et_pb_row column_structure=&#8221;1_2,1_2&#8243; _builder_version=&#8221;4.16&#8243; custom_margin=&#8221;|||&#8221; locked=&#8221;off&#8221; global_colors_info=&#8221;{}&#8221;][et_pb_column type=&#8221;1_2&#8243; _builder_version=&#8221;4.16&#8243; custom_padding=&#8221;|||&#8221; global_colors_info=&#8221;{}&#8221; custom_padding__hover=&#8221;|||&#8221;][et_pb_text _builder_version=&#8221;4.18.0&#8243; text_font=&#8221;Lato||||||||&#8221; text_text_color=&#8221;#898f99&#8243; text_font_size=&#8221;18px&#8221; text_line_height=&#8221;2em&#8221; header_font=&#8221;||||||||&#8221; header_2_font=&#8221;Lato|700|||||||&#8221; header_2_font_size=&#8221;42px&#8221; header_2_line_height=&#8221;1.5em&#8221; text_orientation=&#8221;center&#8221; max_width=&#8221;722px&#8221; module_alignment=&#8221;center&#8221; custom_margin=&#8221;|||92px||&#8221; custom_padding=&#8221;|0px||||&#8221; locked=&#8221;off&#8221; global_colors_info=&#8221;{}&#8221;]<\/p>\n<p style=\"text-align: left;\">Somos refer\u00eancia regional na presta\u00e7\u00e3o de servi\u00e7os em instala\u00e7\u00f5es el\u00e9tricas, com diversas obras realizadas nos setores comerciais, industriais e prediais.<br \/>A Paganini Solu\u00e7\u00f5es El\u00e9tricas oferece o servi\u00e7o completo para as instala\u00e7\u00f5es el\u00e9tricas do seu empreendimento, desde a entrada de energia e infraestrutura at\u00e9 os pontos de utiliza\u00e7\u00e3o para o usu\u00e1rio final.<br \/>Ainda, estamos preparados para oferecer, mediante necessidade ou contrato mensal, servi\u00e7os de manuten\u00e7\u00e3o corretiva, preditiva ou preventiva.<\/p>\n<p style=\"text-align: left;\">Nossa equipe conta com profissionais capacitados e em dia com as obriga\u00e7\u00f5es das principais normas de seguran\u00e7a, como a NR-10 (Seguran\u00e7a em instala\u00e7\u00f5es e servi\u00e7os em eletricidade), SEP (Seguran\u00e7a em instala\u00e7\u00f5es e servi\u00e7os em sistemas el\u00e9tricos de pot\u00eancia) e NR-35 (Seguran\u00e7a em trabalha em altura).<\/p>\n<p>[\/et_pb_text][\/et_pb_column][et_pb_column type=&#8221;1_2&#8243; _builder_version=&#8221;4.18.0&#8243; _module_preset=&#8221;default&#8221; global_colors_info=&#8221;{}&#8221;][et_pb_text _builder_version=&#8221;4.18.0&#8243; _module_preset=&#8221;default&#8221; custom_margin=&#8221;0px||||false|false&#8221; custom_padding=&#8221;25px|37px|25px|37px|false|false&#8221; animation_style=&#8221;slide&#8221; border_radii=&#8221;on|10px|10px|10px|10px&#8221; border_width_top=&#8221;14px&#8221; border_color_top=&#8221;#efcb00&#8243; box_shadow_style=&#8221;preset1&#8243; global_colors_info=&#8221;{}&#8221;]<\/p>\n<h4><span style=\"font-size: xx-large;\"><strong>Nossas solu\u00e7\u00f5es incluem<\/strong><\/span><\/h4>\n<p>&nbsp;<\/p>\n<ul>\n<li>Instala\u00e7\u00e3o e manuten\u00e7\u00e3o el\u00e9trica em baixa tens\u00e3o comercial e predial:<\/li>\n<li>Instala\u00e7\u00e3o e manuten\u00e7\u00e3o el\u00e9trica em baixa tens\u00e3o industrial;<\/li>\n<li>Instala\u00e7\u00e3o e manuten\u00e7\u00e3o de entrada de energia individual e coletiva;<\/li>\n<li>Instala\u00e7\u00e3o e manuten\u00e7\u00e3o de subesta\u00e7\u00e3o at\u00e9 35 kV;<\/li>\n<li>Instala\u00e7\u00e3o e manuten\u00e7\u00e3o de sistemas ininterruptos de energia (Nobreak);<\/li>\n<li>Instala\u00e7\u00e3o e manuten\u00e7\u00e3o de aterramento;<\/li>\n<li>Instala\u00e7\u00e3o e manuten\u00e7\u00e3o de banco de capacitores;<\/li>\n<li>Instala\u00e7\u00e3o e manuten\u00e7\u00e3o de sistemas de ilumina\u00e7\u00e3o;<\/li>\n<\/ul>\n<p>[\/et_pb_text][\/et_pb_column][\/et_pb_row][et_pb_row column_structure=&#8221;1_5,3_5,1_5&#8243; _builder_version=&#8221;4.19.1&#8243; _module_preset=&#8221;default&#8221; hover_enabled=&#8221;0&#8243; global_colors_info=&#8221;{}&#8221; disabled_on=&#8221;on|on|on&#8221; disabled=&#8221;on&#8221; sticky_enabled=&#8221;0&#8243;][et_pb_column type=&#8221;1_5&#8243; _builder_version=&#8221;4.18.0&#8243; _module_preset=&#8221;default&#8221; global_colors_info=&#8221;{}&#8221;][\/et_pb_column][et_pb_column type=&#8221;3_5&#8243; _builder_version=&#8221;4.18.0&#8243; _module_preset=&#8221;default&#8221; global_colors_info=&#8221;{}&#8221;][et_pb_text _builder_version=&#8221;4.18.0&#8243; _module_preset=&#8221;default&#8221; global_colors_info=&#8221;{}&#8221;]<\/p>\n<h4 style=\"text-align: center;\"><span style=\"font-size: xx-large;\"><strong>Nossos Servi\u00e7os<\/strong><\/span><\/h4>\n<p>[\/et_pb_text][\/et_pb_column][et_pb_column type=&#8221;1_5&#8243; _builder_version=&#8221;4.18.0&#8243; _module_preset=&#8221;default&#8221; global_colors_info=&#8221;{}&#8221;][\/et_pb_column][\/et_pb_row][et_pb_row _builder_version=&#8221;4.19.1&#8243; _module_preset=&#8221;default&#8221; hover_enabled=&#8221;0&#8243; global_colors_info=&#8221;{}&#8221; disabled_on=&#8221;on|on|on&#8221; disabled=&#8221;on&#8221; sticky_enabled=&#8221;0&#8243;][et_pb_column type=&#8221;4_4&#8243; _builder_version=&#8221;4.18.0&#8243; _module_preset=&#8221;default&#8221; global_colors_info=&#8221;{}&#8221;][et_pb_gallery _builder_version=&#8221;4.18.0&#8243; _module_preset=&#8221;default&#8221; hover_enabled=&#8221;0&#8243; global_colors_info=&#8221;{}&#8221; sticky_enabled=&#8221;0&#8243;][\/et_pb_gallery][\/et_pb_column][\/et_pb_row][\/et_pb_section]<\/p>\n","protected":false},"excerpt":{"rendered":"<p>Instala\u00e7\u00e3o e manuten\u00e7\u00e3o de baixa e m\u00e9dia tens\u00e3oSomos refer\u00eancia regional na presta\u00e7\u00e3o de servi\u00e7os em instala\u00e7\u00f5es el\u00e9tricas, com diversas obras realizadas nos setores comerciais, industriais e prediais.A Paganini Solu\u00e7\u00f5es El\u00e9tricas oferece o servi\u00e7o completo para as instala\u00e7\u00f5es el\u00e9tricas do seu empreendimento, desde a entrada de energia e infraestrutura at\u00e9 os pontos de utiliza\u00e7\u00e3o para o [&hellip;]<\/p>\n","protected":false},"author":1,"featured_media":0,"parent":0,"menu_order":0,"comment_status":"closed","ping_status":"closed","template":"","meta":{"_et_pb_use_builder":"on","_et_pb_old_content":"","_et_gb_content_width":"","footnotes":""},"class_list":["post-189","page","type-page","status-publish","hentry"],"_links":{"self":[{"href":"https:\/\/paganinisolucoeseletricas.com.br\/site\/wp-json\/wp\/v2\/pages\/189","targetHints":{"allow":["GET"]}}],"collection":[{"href":"https:\/\/paganinisolucoeseletricas.com.br\/site\/wp-json\/wp\/v2\/pages"}],"about":[{"href":"https:\/\/paganinisolucoeseletricas.com.br\/site\/wp-json\/wp\/v2\/types\/page"}],"author":[{"embeddable":true,"href":"https:\/\/paganinisolucoeseletricas.com.br\/site\/wp-json\/wp\/v2\/users\/1"}],"replies":[{"embeddable":true,"href":"https:\/\/paganinisolucoeseletricas.com.br\/site\/wp-json\/wp\/v2\/comments?post=189"}],"version-history":[{"count":7,"href":"https:\/\/paganinisolucoeseletricas.com.br\/site\/wp-json\/wp\/v2\/pages\/189\/revisions"}],"predecessor-version":[{"id":414,"href":"https:\/\/paganinisolucoeseletricas.com.br\/site\/wp-json\/wp\/v2\/pages\/189\/revisions\/414"}],"wp:attachment":[{"href":"https:\/\/paganinisolucoeseletricas.com.br\/site\/wp-json\/wp\/v2\/media?parent=189"}],"curies":[{"name":"wp","href":"https:\/\/api.w.org\/{rel}","templated":true}]}}