{"id":200,"date":"2022-10-13T21:33:38","date_gmt":"2022-10-14T00:33:38","guid":{"rendered":"https:\/\/paganinisolucoeseletricas.com.br\/site\/?page_id=200"},"modified":"2023-02-09T21:59:13","modified_gmt":"2023-02-10T00:59:13","slug":"automacao-industrial","status":"publish","type":"page","link":"https:\/\/paganinisolucoeseletricas.com.br\/site\/automacao-industrial\/","title":{"rendered":"Automa\u00e7\u00e3o industrial"},"content":{"rendered":"<p>[et_pb_section fb_built=&#8221;1&#8243; admin_label=&#8221;Hero section&#8221; _builder_version=&#8221;4.18.0&#8243; use_background_color_gradient=&#8221;on&#8221; background_color_gradient_stops=&#8221;rgba(226,154,147,0) 0%|#eac51e 100%&#8221; background_color_gradient_overlays_image=&#8221;on&#8221; background_color_gradient_start=&#8221;rgba(150,105,97,0.67)&#8221; background_color_gradient_end=&#8221;rgba(2,0,76,0.84)&#8221; background_image=&#8221;https:\/\/paganinisolucoeseletricas.com.br\/site\/wp-content\/uploads\/2022\/05\/sven-mieke-fteR0e2BzKo-unsplash.jpg&#8221; parallax=&#8221;on&#8221; min_height=&#8221;296px&#8221; custom_margin=&#8221;|||&#8221; custom_padding=&#8221;0%||0%|||&#8221; global_colors_info=&#8221;{}&#8221;][et_pb_row column_structure=&#8221;2_3,1_3&#8243; _builder_version=&#8221;4.18.0&#8243; custom_margin=&#8221;|||&#8221; global_colors_info=&#8221;{}&#8221;][et_pb_column type=&#8221;2_3&#8243; _builder_version=&#8221;4.16&#8243; custom_padding=&#8221;1px|||&#8221; global_colors_info=&#8221;{}&#8221; custom_padding__hover=&#8221;|||&#8221;][et_pb_text _builder_version=&#8221;4.18.0&#8243; text_font=&#8221;Lato||||||||&#8221; text_font_size=&#8221;20px&#8221; text_line_height=&#8221;1.8em&#8221; header_font=&#8221;Lato|900|||||||&#8221; header_font_size=&#8221;80px&#8221; header_letter_spacing=&#8221;2px&#8221; header_line_height=&#8221;1.2em&#8221; background_layout=&#8221;dark&#8221; animation_style=&#8221;fold&#8221; header_font_size_tablet=&#8221;46px&#8221; header_font_size_phone=&#8221;&#8221; header_font_size_last_edited=&#8221;on|tablet&#8221; global_colors_info=&#8221;{}&#8221;]<\/p>\n<h1>Automa\u00e7\u00e3o industrial<\/h1>\n<p>&nbsp;<\/p>\n<p>[\/et_pb_text][\/et_pb_column][et_pb_column type=&#8221;1_3&#8243; _builder_version=&#8221;4.16&#8243; custom_padding=&#8221;|||&#8221; global_colors_info=&#8221;{}&#8221; custom_padding__hover=&#8221;|||&#8221;][\/et_pb_column][\/et_pb_row][\/et_pb_section][et_pb_section fb_built=&#8221;1&#8243; _builder_version=&#8221;4.18.0&#8243; background_color=&#8221;#FFFFFF&#8221; background_position=&#8221;top_center&#8221; custom_margin=&#8221;|||&#8221; custom_padding=&#8221;51px||100px|||&#8221; global_colors_info=&#8221;{}&#8221;][et_pb_row column_structure=&#8221;1_2,1_2&#8243; _builder_version=&#8221;4.16&#8243; custom_margin=&#8221;|||&#8221; locked=&#8221;off&#8221; global_colors_info=&#8221;{}&#8221;][et_pb_column type=&#8221;1_2&#8243; _builder_version=&#8221;4.16&#8243; custom_padding=&#8221;|||&#8221; global_colors_info=&#8221;{}&#8221; custom_padding__hover=&#8221;|||&#8221;][et_pb_text _builder_version=&#8221;4.18.0&#8243; text_font=&#8221;Lato||||||||&#8221; text_text_color=&#8221;#898f99&#8243; text_font_size=&#8221;18px&#8221; text_line_height=&#8221;2em&#8221; header_font=&#8221;||||||||&#8221; header_2_font=&#8221;Lato|700|||||||&#8221; header_2_font_size=&#8221;42px&#8221; header_2_line_height=&#8221;1.5em&#8221; text_orientation=&#8221;center&#8221; max_width=&#8221;722px&#8221; module_alignment=&#8221;center&#8221; custom_margin=&#8221;|||92px||&#8221; custom_padding=&#8221;|0px||||&#8221; locked=&#8221;off&#8221; global_colors_info=&#8221;{}&#8221;]<\/p>\n<p style=\"text-align: left;\">A Paganini Solu\u00e7\u00f5es El\u00e9tricas desenvolve aplica\u00e7\u00f5es para automa\u00e7\u00e3o industrial de pequeno a m\u00e9dia porte, contemplando a demanda solicitada atrav\u00e9s de uma an\u00e1lise minuciosa da planta operacional, visando a seguran\u00e7a do operador e redu\u00e7\u00e3o de gastos via aumento da efici\u00eancia do processo.<br \/>As aplica\u00e7\u00f5es desenvolvidas acompanham as \u00faltimas novidades do mercado, garantindo a atualiza\u00e7\u00e3o e longevidade do sistema implementado.<br \/>Todas as aplica\u00e7\u00f5es desenvolvidas passam por rigorosos testes antes de serem implementadas em campo, garantindo a confiabilidade do sistema.<\/p>\n<p>[\/et_pb_text][\/et_pb_column][et_pb_column type=&#8221;1_2&#8243; _builder_version=&#8221;4.18.0&#8243; _module_preset=&#8221;default&#8221; global_colors_info=&#8221;{}&#8221;][et_pb_text _builder_version=&#8221;4.18.0&#8243; _module_preset=&#8221;default&#8221; custom_margin=&#8221;0px||||false|false&#8221; custom_padding=&#8221;25px||25px|37px|false|false&#8221; animation_style=&#8221;slide&#8221; border_radii=&#8221;on|10px|10px|10px|10px&#8221; border_width_top=&#8221;14px&#8221; border_color_top=&#8221;#efcb00&#8243; box_shadow_style=&#8221;preset1&#8243; global_colors_info=&#8221;{}&#8221;]<\/p>\n<h4><span style=\"font-size: xx-large;\"><strong>Nossas solu\u00e7\u00f5es incluem<\/strong><\/span><\/h4>\n<p>&nbsp;<\/p>\n<ul>\n<li>Assist\u00eancia t\u00e9cnica;<\/li>\n<li>Adequa\u00e7\u00e3o \u00e0 NR-12 e NR-10;<\/li>\n<li>Automa\u00e7\u00e3o de processos industriais;<\/li>\n<li>Programa\u00e7\u00e3o de CLP;<\/li>\n<li>Programa\u00e7\u00e3o de IHM;<\/li>\n<li>Programa\u00e7\u00e3o de sistema supervis\u00f3rio;<\/li>\n<li>Diagn\u00f3stico de rede Profibus;<\/li>\n<li>Instala\u00e7\u00e3o da infraestrutura para automa\u00e7\u00e3o;<\/li>\n<li>Instala\u00e7\u00e3o de sensores e remotas.<\/li>\n<\/ul>\n<p>[\/et_pb_text][\/et_pb_column][\/et_pb_row][et_pb_row column_structure=&#8221;1_5,3_5,1_5&#8243; _builder_version=&#8221;4.19.1&#8243; _module_preset=&#8221;default&#8221; hover_enabled=&#8221;0&#8243; global_colors_info=&#8221;{}&#8221; disabled_on=&#8221;on|on|on&#8221; disabled=&#8221;on&#8221; sticky_enabled=&#8221;0&#8243;][et_pb_column type=&#8221;1_5&#8243; _builder_version=&#8221;4.18.0&#8243; _module_preset=&#8221;default&#8221; global_colors_info=&#8221;{}&#8221;][\/et_pb_column][et_pb_column type=&#8221;3_5&#8243; _builder_version=&#8221;4.18.0&#8243; _module_preset=&#8221;default&#8221; global_colors_info=&#8221;{}&#8221;][et_pb_text _builder_version=&#8221;4.18.0&#8243; _module_preset=&#8221;default&#8221; global_colors_info=&#8221;{}&#8221;]<\/p>\n<h4 style=\"text-align: center;\"><span style=\"font-size: xx-large;\"><strong>Nossos Servi\u00e7os<\/strong><\/span><\/h4>\n<p>[\/et_pb_text][\/et_pb_column][et_pb_column type=&#8221;1_5&#8243; _builder_version=&#8221;4.18.0&#8243; _module_preset=&#8221;default&#8221; global_colors_info=&#8221;{}&#8221;][\/et_pb_column][\/et_pb_row][et_pb_row _builder_version=&#8221;4.19.1&#8243; _module_preset=&#8221;default&#8221; hover_enabled=&#8221;0&#8243; global_colors_info=&#8221;{}&#8221; disabled_on=&#8221;on|on|on&#8221; disabled=&#8221;on&#8221; sticky_enabled=&#8221;0&#8243;][et_pb_column type=&#8221;4_4&#8243; _builder_version=&#8221;4.18.0&#8243; _module_preset=&#8221;default&#8221; global_colors_info=&#8221;{}&#8221;][et_pb_gallery _builder_version=&#8221;4.18.0&#8243; _module_preset=&#8221;default&#8221; global_colors_info=&#8221;{}&#8221;][\/et_pb_gallery][\/et_pb_column][\/et_pb_row][\/et_pb_section]<\/p>\n","protected":false},"excerpt":{"rendered":"<p>Automa\u00e7\u00e3o industrial &nbsp;A Paganini Solu\u00e7\u00f5es El\u00e9tricas desenvolve aplica\u00e7\u00f5es para automa\u00e7\u00e3o industrial de pequeno a m\u00e9dia porte, contemplando a demanda solicitada atrav\u00e9s de uma an\u00e1lise minuciosa da planta operacional, visando a seguran\u00e7a do operador e redu\u00e7\u00e3o de gastos via aumento da efici\u00eancia do processo.As aplica\u00e7\u00f5es desenvolvidas acompanham as \u00faltimas novidades do mercado, garantindo a atualiza\u00e7\u00e3o e [&hellip;]<\/p>\n","protected":false},"author":1,"featured_media":0,"parent":0,"menu_order":0,"comment_status":"closed","ping_status":"closed","template":"","meta":{"_et_pb_use_builder":"on","_et_pb_old_content":"","_et_gb_content_width":"","footnotes":""},"class_list":["post-200","page","type-page","status-publish","hentry"],"_links":{"self":[{"href":"https:\/\/paganinisolucoeseletricas.com.br\/site\/wp-json\/wp\/v2\/pages\/200","targetHints":{"allow":["GET"]}}],"collection":[{"href":"https:\/\/paganinisolucoeseletricas.com.br\/site\/wp-json\/wp\/v2\/pages"}],"about":[{"href":"https:\/\/paganinisolucoeseletricas.com.br\/site\/wp-json\/wp\/v2\/types\/page"}],"author":[{"embeddable":true,"href":"https:\/\/paganinisolucoeseletricas.com.br\/site\/wp-json\/wp\/v2\/users\/1"}],"replies":[{"embeddable":true,"href":"https:\/\/paganinisolucoeseletricas.com.br\/site\/wp-json\/wp\/v2\/comments?post=200"}],"version-history":[{"count":7,"href":"https:\/\/paganinisolucoeseletricas.com.br\/site\/wp-json\/wp\/v2\/pages\/200\/revisions"}],"predecessor-version":[{"id":416,"href":"https:\/\/paganinisolucoeseletricas.com.br\/site\/wp-json\/wp\/v2\/pages\/200\/revisions\/416"}],"wp:attachment":[{"href":"https:\/\/paganinisolucoeseletricas.com.br\/site\/wp-json\/wp\/v2\/media?parent=200"}],"curies":[{"name":"wp","href":"https:\/\/api.w.org\/{rel}","templated":true}]}}