{"id":216,"date":"2022-10-13T21:49:57","date_gmt":"2022-10-14T00:49:57","guid":{"rendered":"https:\/\/paganinisolucoeseletricas.com.br\/site\/?page_id=216"},"modified":"2023-02-09T22:00:14","modified_gmt":"2023-02-10T01:00:14","slug":"estudos-laudos","status":"publish","type":"page","link":"https:\/\/paganinisolucoeseletricas.com.br\/site\/estudos-laudos\/","title":{"rendered":"Estudos e laudos t\u00e9cnicos"},"content":{"rendered":"<p>[et_pb_section fb_built=&#8221;1&#8243; admin_label=&#8221;Hero section&#8221; _builder_version=&#8221;4.18.0&#8243; use_background_color_gradient=&#8221;on&#8221; background_color_gradient_stops=&#8221;rgba(226,154,147,0) 0%|#eac51e 100%&#8221; background_color_gradient_overlays_image=&#8221;on&#8221; background_color_gradient_start=&#8221;rgba(150,105,97,0.67)&#8221; background_color_gradient_end=&#8221;rgba(2,0,76,0.84)&#8221; background_image=&#8221;https:\/\/paganinisolucoeseletricas.com.br\/site\/wp-content\/uploads\/2022\/05\/sven-mieke-fteR0e2BzKo-unsplash.jpg&#8221; parallax=&#8221;on&#8221; min_height=&#8221;296px&#8221; custom_margin=&#8221;|||&#8221; custom_padding=&#8221;0%||0%|||&#8221; global_colors_info=&#8221;{}&#8221;][et_pb_row column_structure=&#8221;2_3,1_3&#8243; _builder_version=&#8221;4.18.0&#8243; custom_margin=&#8221;|||&#8221; global_colors_info=&#8221;{}&#8221;][et_pb_column type=&#8221;2_3&#8243; _builder_version=&#8221;4.16&#8243; custom_padding=&#8221;1px|||&#8221; global_colors_info=&#8221;{}&#8221; custom_padding__hover=&#8221;|||&#8221;][et_pb_text _builder_version=&#8221;4.18.0&#8243; text_font=&#8221;Lato||||||||&#8221; text_font_size=&#8221;20px&#8221; text_line_height=&#8221;1.8em&#8221; header_font=&#8221;Lato|900|||||||&#8221; header_font_size=&#8221;80px&#8221; header_letter_spacing=&#8221;2px&#8221; header_line_height=&#8221;1.2em&#8221; background_layout=&#8221;dark&#8221; animation_style=&#8221;fold&#8221; header_font_size_tablet=&#8221;46px&#8221; header_font_size_phone=&#8221;&#8221; header_font_size_last_edited=&#8221;on|tablet&#8221; global_colors_info=&#8221;{}&#8221;]<\/p>\n<h1>Estudos e<\/h1>\n<h1>laudos t\u00e9cnicos<\/h1>\n<p>&nbsp;<\/p>\n<p>[\/et_pb_text][\/et_pb_column][et_pb_column type=&#8221;1_3&#8243; _builder_version=&#8221;4.16&#8243; custom_padding=&#8221;|||&#8221; global_colors_info=&#8221;{}&#8221; custom_padding__hover=&#8221;|||&#8221;][\/et_pb_column][\/et_pb_row][\/et_pb_section][et_pb_section fb_built=&#8221;1&#8243; _builder_version=&#8221;4.18.0&#8243; background_color=&#8221;#FFFFFF&#8221; background_position=&#8221;top_center&#8221; custom_margin=&#8221;|||&#8221; custom_padding=&#8221;51px||100px|||&#8221; global_colors_info=&#8221;{}&#8221;][et_pb_row column_structure=&#8221;1_2,1_2&#8243; _builder_version=&#8221;4.16&#8243; custom_margin=&#8221;|||&#8221; locked=&#8221;off&#8221; global_colors_info=&#8221;{}&#8221;][et_pb_column type=&#8221;1_2&#8243; _builder_version=&#8221;4.16&#8243; custom_padding=&#8221;|||&#8221; global_colors_info=&#8221;{}&#8221; custom_padding__hover=&#8221;|||&#8221;][et_pb_text _builder_version=&#8221;4.18.0&#8243; text_font=&#8221;Lato||||||||&#8221; text_text_color=&#8221;#898f99&#8243; text_font_size=&#8221;18px&#8221; text_line_height=&#8221;2em&#8221; header_font=&#8221;||||||||&#8221; header_2_font=&#8221;Lato|700|||||||&#8221; header_2_font_size=&#8221;42px&#8221; header_2_line_height=&#8221;1.5em&#8221; text_orientation=&#8221;center&#8221; max_width=&#8221;722px&#8221; module_alignment=&#8221;center&#8221; custom_margin=&#8221;|||92px||&#8221; custom_padding=&#8221;|0px||||&#8221; locked=&#8221;off&#8221; global_colors_info=&#8221;{}&#8221;]<\/p>\n<p style=\"text-align: left;\">A Paganini Solu\u00e7\u00f5es El\u00e9tricas oferece estudos e laudos t\u00e9cnicos, viabilizando o conhecimento da situa\u00e7\u00e3o das instala\u00e7\u00f5es el\u00e9tricas do seu empreendimento, uma poderosa ferramenta de seguran\u00e7a e que permite a tomada de decis\u00f5es em linha com a redu\u00e7\u00e3o de gastos via efici\u00eancia energ\u00e9tica.<br \/>Nossos engenheiros s\u00e3o capacitados para analisar e fornecer solu\u00e7\u00f5es completas, de acordo com as normativas vigentes. Dispomos de equipamentos de \u00faltima gera\u00e7\u00e3o, calibrados e certificados conforme orienta\u00e7\u00e3o do INMETRO, para a realiza\u00e7\u00e3o de medi\u00e7\u00f5es e testes.<br \/>Todos os dados obtidos durante testes e medi\u00e7\u00f5es s\u00e3o profundamente analisados para proporcionar o melhor resultado e seguran\u00e7a nos estudos e laudos.<\/p>\n<p>[\/et_pb_text][\/et_pb_column][et_pb_column type=&#8221;1_2&#8243; _builder_version=&#8221;4.18.0&#8243; _module_preset=&#8221;default&#8221; global_colors_info=&#8221;{}&#8221;][et_pb_text _builder_version=&#8221;4.19.1&#8243; _module_preset=&#8221;default&#8221; custom_margin=&#8221;0px||||false|false&#8221; custom_padding=&#8221;36px|37px|25px|37px|false|false&#8221; animation_style=&#8221;slide&#8221; border_radii=&#8221;on|10px|10px|10px|10px&#8221; border_width_top=&#8221;14px&#8221; border_color_top=&#8221;#efcb00&#8243; box_shadow_style=&#8221;preset1&#8243; global_colors_info=&#8221;{}&#8221;]<\/p>\n<h4><span style=\"font-size: xx-large;\"><strong>Nossos solu\u00e7\u00f5es incluem<\/strong><\/span><\/h4>\n<p><span style=\"font-size: xx-large;\"><strong><\/strong><\/span><\/p>\n<p><span style=\"font-size: xx-large;\"><\/span><\/p>\n<ul>\n<li>Estudo de op\u00e7\u00e3o tarif\u00e1ria e demanda;<\/li>\n<li>Estudo e medi\u00e7\u00e3o de qualidade de energia;<\/li>\n<li>Estudo de corre\u00e7\u00e3o do fator de pot\u00eancia;<\/li>\n<li>Estudo de curto-circuito IEC 60909;<\/li>\n<li>Estudo de retrofit de ilumina\u00e7\u00e3o;<\/li>\n<li>Laudo para SPDA;<\/li>\n<li>Laudo de malha de aterramento;<\/li>\n<li>Laudo de conformidade das instala\u00e7\u00f5es el\u00e9tricas em baixa tens\u00e3o;<\/li>\n<li>Laudo de aterramento el\u00e9trico de m\u00e1quinas;<\/li>\n<li>Laudo luminot\u00e9cnico;<\/li>\n<li>Laudo pericial para credita\u00e7\u00e3o de ICMS;<\/li>\n<li>Laudo de NR-10;<\/li>\n<li>Laudo de NR-12;<\/li>\n<li>Laudo para AVCB (Auto de Vistoria do Corpo de Bombeiro) e CLCB (Certificado de Licen\u00e7a do Corpo de Bombeiro);<\/li>\n<li>Laudo de termografia das instala\u00e7\u00f5es el\u00e9tricas;<\/li>\n<li>Prontu\u00e1rio das instala\u00e7\u00f5es el\u00e9tricas &#8211; NR-10;<\/li>\n<li>Treinamento em NR-10.<\/li>\n<\/ul>\n<ul><\/ul>\n<p>[\/et_pb_text][\/et_pb_column][\/et_pb_row][et_pb_row _builder_version=&#8221;4.19.1&#8243; _module_preset=&#8221;default&#8221; hover_enabled=&#8221;0&#8243; global_colors_info=&#8221;{}&#8221; disabled_on=&#8221;on|on|on&#8221; disabled=&#8221;on&#8221; sticky_enabled=&#8221;0&#8243;][et_pb_column type=&#8221;4_4&#8243; _builder_version=&#8221;4.18.0&#8243; _module_preset=&#8221;default&#8221; global_colors_info=&#8221;{}&#8221;][et_pb_text _builder_version=&#8221;4.19.1&#8243; _module_preset=&#8221;default&#8221; global_colors_info=&#8221;{}&#8221;]<\/p>\n<h1 style=\"text-align: center;\"><strong>Nossos Servi\u00e7os<\/strong><\/h1>\n<p>[\/et_pb_text][\/et_pb_column][\/et_pb_row][et_pb_row _builder_version=&#8221;4.19.1&#8243; _module_preset=&#8221;default&#8221; hover_enabled=&#8221;0&#8243; global_colors_info=&#8221;{}&#8221; disabled_on=&#8221;on|on|on&#8221; disabled=&#8221;on&#8221; sticky_enabled=&#8221;0&#8243;][et_pb_column type=&#8221;4_4&#8243; _builder_version=&#8221;4.19.1&#8243; _module_preset=&#8221;default&#8221; global_colors_info=&#8221;{}&#8221;][et_pb_gallery _builder_version=&#8221;4.19.1&#8243; _module_preset=&#8221;default&#8221; global_colors_info=&#8221;{}&#8221;][\/et_pb_gallery][\/et_pb_column][\/et_pb_row][\/et_pb_section]<\/p>\n","protected":false},"excerpt":{"rendered":"<p>Estudos e laudos t\u00e9cnicos &nbsp;A Paganini Solu\u00e7\u00f5es El\u00e9tricas oferece estudos e laudos t\u00e9cnicos, viabilizando o conhecimento da situa\u00e7\u00e3o das instala\u00e7\u00f5es el\u00e9tricas do seu empreendimento, uma poderosa ferramenta de seguran\u00e7a e que permite a tomada de decis\u00f5es em linha com a redu\u00e7\u00e3o de gastos via efici\u00eancia energ\u00e9tica.Nossos engenheiros s\u00e3o capacitados para analisar e fornecer solu\u00e7\u00f5es completas, [&hellip;]<\/p>\n","protected":false},"author":1,"featured_media":0,"parent":0,"menu_order":0,"comment_status":"closed","ping_status":"closed","template":"","meta":{"_et_pb_use_builder":"on","_et_pb_old_content":"","_et_gb_content_width":"","footnotes":""},"class_list":["post-216","page","type-page","status-publish","hentry"],"_links":{"self":[{"href":"https:\/\/paganinisolucoeseletricas.com.br\/site\/wp-json\/wp\/v2\/pages\/216","targetHints":{"allow":["GET"]}}],"collection":[{"href":"https:\/\/paganinisolucoeseletricas.com.br\/site\/wp-json\/wp\/v2\/pages"}],"about":[{"href":"https:\/\/paganinisolucoeseletricas.com.br\/site\/wp-json\/wp\/v2\/types\/page"}],"author":[{"embeddable":true,"href":"https:\/\/paganinisolucoeseletricas.com.br\/site\/wp-json\/wp\/v2\/users\/1"}],"replies":[{"embeddable":true,"href":"https:\/\/paganinisolucoeseletricas.com.br\/site\/wp-json\/wp\/v2\/comments?post=216"}],"version-history":[{"count":6,"href":"https:\/\/paganinisolucoeseletricas.com.br\/site\/wp-json\/wp\/v2\/pages\/216\/revisions"}],"predecessor-version":[{"id":417,"href":"https:\/\/paganinisolucoeseletricas.com.br\/site\/wp-json\/wp\/v2\/pages\/216\/revisions\/417"}],"wp:attachment":[{"href":"https:\/\/paganinisolucoeseletricas.com.br\/site\/wp-json\/wp\/v2\/media?parent=216"}],"curies":[{"name":"wp","href":"https:\/\/api.w.org\/{rel}","templated":true}]}}