{"id":77,"date":"2022-05-24T02:54:54","date_gmt":"2022-05-24T05:54:54","guid":{"rendered":"https:\/\/paganinisolucoeseletricas.com.br\/site\/?page_id=77"},"modified":"2023-02-15T22:26:03","modified_gmt":"2023-02-16T01:26:03","slug":"sobre","status":"publish","type":"page","link":"https:\/\/paganinisolucoeseletricas.com.br\/site\/sobre\/","title":{"rendered":"Sobre a Paganini"},"content":{"rendered":"<p>[et_pb_section fb_built=&#8221;1&#8243; admin_label=&#8221;Hero section&#8221; _builder_version=&#8221;4.19.1&#8243; _module_preset=&#8221;default&#8221; background_image=&#8221;https:\/\/paganinisolucoeseletricas.com.br\/site\/wp-content\/uploads\/2023\/02\/site-imagem-topo.jpg&#8221; custom_margin=&#8221;|||&#8221; custom_padding=&#8221;1.9%||0%|||&#8221; global_colors_info=&#8221;{}&#8221;][et_pb_row column_structure=&#8221;2_3,1_3&#8243; _builder_version=&#8221;4.19.1&#8243; _module_preset=&#8221;default&#8221; min_height=&#8221;287px&#8221; custom_margin=&#8221;0px||||false|false&#8221; custom_padding=&#8221;70px||||false|false&#8221; global_colors_info=&#8221;{}&#8221;][et_pb_column type=&#8221;2_3&#8243; _builder_version=&#8221;4.16&#8243; _module_preset=&#8221;default&#8221; custom_padding=&#8221;1px|||&#8221; global_colors_info=&#8221;{}&#8221; custom_padding__hover=&#8221;|||&#8221;][et_pb_text _builder_version=&#8221;4.19.1&#8243; _module_preset=&#8221;default&#8221; text_font=&#8221;Lato||||||||&#8221; text_font_size=&#8221;20px&#8221; text_line_height=&#8221;1.8em&#8221; header_font=&#8221;Lato|900|||||||&#8221; header_font_size=&#8221;80px&#8221; header_letter_spacing=&#8221;2px&#8221; header_line_height=&#8221;1.2em&#8221; background_layout=&#8221;dark&#8221; animation_style=&#8221;fold&#8221; header_font_size_tablet=&#8221;46px&#8221; header_font_size_phone=&#8221;&#8221; header_font_size_last_edited=&#8221;on|tablet&#8221; global_colors_info=&#8221;{}&#8221;]<\/p>\n<h1>Sobre a Paganini<\/h1>\n<p>[\/et_pb_text][\/et_pb_column][et_pb_column type=&#8221;1_3&#8243; _builder_version=&#8221;4.16&#8243; _module_preset=&#8221;default&#8221; custom_padding=&#8221;|||&#8221; global_colors_info=&#8221;{}&#8221; custom_padding__hover=&#8221;|||&#8221;][\/et_pb_column][\/et_pb_row][\/et_pb_section][et_pb_section fb_built=&#8221;1&#8243; _builder_version=&#8221;4.17.4&#8243; _module_preset=&#8221;default&#8221; background_color=&#8221;#f7f7f7&#8243; background_position=&#8221;top_center&#8221; custom_margin=&#8221;|||&#8221; custom_padding=&#8221;100px||100px|&#8221; global_colors_info=&#8221;{}&#8221;][et_pb_row column_structure=&#8221;1_2,1_2&#8243; _builder_version=&#8221;4.16&#8243; _module_preset=&#8221;default&#8221; custom_margin=&#8221;|||&#8221; locked=&#8221;off&#8221; global_colors_info=&#8221;{}&#8221;][et_pb_column type=&#8221;1_2&#8243; _builder_version=&#8221;4.16&#8243; _module_preset=&#8221;default&#8221; custom_padding=&#8221;|||&#8221; global_colors_info=&#8221;{}&#8221; custom_padding__hover=&#8221;|||&#8221;][et_pb_text _builder_version=&#8221;4.16&#8243; _module_preset=&#8221;default&#8221; text_font=&#8221;Lato||||||||&#8221; text_text_color=&#8221;#898f99&#8243; text_font_size=&#8221;18px&#8221; text_line_height=&#8221;2em&#8221; header_font=&#8221;||||||||&#8221; header_2_font=&#8221;Lato|700|||||||&#8221; header_2_font_size=&#8221;42px&#8221; header_2_line_height=&#8221;1.5em&#8221; text_orientation=&#8221;center&#8221; max_width=&#8221;800px&#8221; module_alignment=&#8221;center&#8221; locked=&#8221;off&#8221; global_colors_info=&#8221;{}&#8221;]<\/p>\n<h2 style=\"text-align: left;\"><\/h2>\n<h2 style=\"text-align: left;\">Paganini Solu\u00e7\u00f5es El\u00e9tricas<\/h2>\n<p style=\"text-align: left;\">Fundada em 2009, na cidade de S\u00e3o Miguel do Oeste\/SC, a Paganini Solu\u00e7\u00f5es El\u00e9tricas oferece solu\u00e7\u00f5es com excel\u00eancia t\u00e9cnica no setor el\u00e9trico, especializada em projetos el\u00e9tricos, instala\u00e7\u00e3o e manuten\u00e7\u00e3o de baixa e m\u00e9dia tens\u00e3o, pain\u00e9is el\u00e9tricos, automa\u00e7\u00e3o industrial, materiais el\u00e9tricos, sistemas preventivos, estudos e laudos t\u00e9cnicos, sistemas de seguran\u00e7a e cabeamento estruturado, com o ideal de atender com excel\u00eancia e inova\u00e7\u00e3o o mercado nacional.<\/p>\n<p>[\/et_pb_text][\/et_pb_column][et_pb_column type=&#8221;1_2&#8243; _builder_version=&#8221;4.16&#8243; _module_preset=&#8221;default&#8221; custom_padding=&#8221;|||&#8221; global_colors_info=&#8221;{}&#8221; custom_padding__hover=&#8221;|||&#8221;][et_pb_image src=&#8221;https:\/\/paganinisolucoeseletricas.com.br\/site\/wp-content\/uploads\/2023\/02\/paganini-inicio-web.jpg&#8221; title_text=&#8221;paganini-inicio-web&#8221; _builder_version=&#8221;4.19.1&#8243; _module_preset=&#8221;default&#8221; custom_padding=&#8221;36px||||false|false&#8221; global_colors_info=&#8221;{}&#8221;][\/et_pb_image][\/et_pb_column][\/et_pb_row][et_pb_row column_structure=&#8221;1_2,1_2&#8243; _builder_version=&#8221;4.17.4&#8243; _module_preset=&#8221;default&#8221; custom_margin=&#8221;|||&#8221; locked=&#8221;off&#8221; global_colors_info=&#8221;{}&#8221;][et_pb_column type=&#8221;1_2&#8243; _builder_version=&#8221;4.17.4&#8243; _module_preset=&#8221;default&#8221; global_colors_info=&#8221;{}&#8221;][et_pb_image src=&#8221;https:\/\/paganinisolucoeseletricas.com.br\/site\/wp-content\/uploads\/2023\/02\/paganini-hoje-web.jpg&#8221; title_text=&#8221;paganini-hoje-web&#8221; _builder_version=&#8221;4.19.1&#8243; _module_preset=&#8221;default&#8221; custom_margin=&#8221;27px||||false|false&#8221; custom_padding=&#8221;0px||||false|false&#8221; global_colors_info=&#8221;{}&#8221;][\/et_pb_image][\/et_pb_column][et_pb_column type=&#8221;1_2&#8243; _builder_version=&#8221;4.16&#8243; _module_preset=&#8221;default&#8221; custom_padding=&#8221;|||&#8221; global_colors_info=&#8221;{}&#8221; custom_padding__hover=&#8221;|||&#8221;][et_pb_text _builder_version=&#8221;4.16&#8243; _module_preset=&#8221;default&#8221; text_font=&#8221;Lato||||||||&#8221; text_text_color=&#8221;#898f99&#8243; text_font_size=&#8221;18px&#8221; text_line_height=&#8221;2em&#8221; header_font=&#8221;||||||||&#8221; header_2_font=&#8221;Lato|700|||||||&#8221; header_2_font_size=&#8221;42px&#8221; header_2_line_height=&#8221;1.5em&#8221; text_orientation=&#8221;center&#8221; max_width=&#8221;800px&#8221; module_alignment=&#8221;center&#8221; locked=&#8221;off&#8221; global_colors_info=&#8221;{}&#8221;]<\/p>\n<h2 style=\"text-align: left;\"><\/h2>\n<p style=\"text-align: left;\">Com foco no setor industrial, a Paganini Solu\u00e7\u00f5es El\u00e9tricas desenvolve projetos e servi\u00e7os com integra\u00e7\u00e3o total, elaborando desde a fase inicial de defini\u00e7\u00e3o do projeto, de acordo com as necessidades do cliente, at\u00e9 o comissionamento e manuten\u00e7\u00e3o das instala\u00e7\u00f5es el\u00e9tricas. Tamb\u00e9m se empenha em atender os setores comerciais e prediais, oferecendo solu\u00e7\u00f5es inovadoras que satisfa\u00e7am seus usu\u00e1rios.<br \/>Possui equipe t\u00e9cnica altamente qualificada contando com profissionais, desde engenheiros a t\u00e9cnicos, com alto grau de experi\u00eancia e constantemente atualizados sobre as quest\u00f5es legais e tend\u00eancias nas \u00e1reas de atua\u00e7\u00e3o, capazes de suprir as necessidades dos clientes com agilidade, inova\u00e7\u00e3o, pontualidade, qualidade e seguran\u00e7a, proporcionando o melhor custo-benef\u00edcio.<br \/>Todos os servi\u00e7os prestados seguem elevados padr\u00f5es de qualidade e s\u00e3o desenvolvidos de acordo com as normas t\u00e9cnicas, garantindo seguran\u00e7a e qualidade das instala\u00e7\u00f5es el\u00e9tricas para o usu\u00e1rio final, maximizando a performance do sistema e gerando economia.<\/p>\n<p>[\/et_pb_text][\/et_pb_column][\/et_pb_row][et_pb_row column_structure=&#8221;1_2,1_2&#8243; _builder_version=&#8221;4.17.4&#8243; _module_preset=&#8221;default&#8221; custom_margin=&#8221;|||&#8221; locked=&#8221;off&#8221; global_colors_info=&#8221;{}&#8221;][et_pb_column type=&#8221;1_2&#8243; _builder_version=&#8221;4.16&#8243; _module_preset=&#8221;default&#8221; custom_padding=&#8221;|||&#8221; global_colors_info=&#8221;{}&#8221; custom_padding__hover=&#8221;|||&#8221;][et_pb_text _builder_version=&#8221;4.16&#8243; _module_preset=&#8221;default&#8221; text_font=&#8221;Lato||||||||&#8221; text_text_color=&#8221;#898f99&#8243; text_font_size=&#8221;18px&#8221; text_line_height=&#8221;2em&#8221; header_font=&#8221;||||||||&#8221; header_2_font=&#8221;Lato|700|||||||&#8221; header_2_font_size=&#8221;42px&#8221; header_2_line_height=&#8221;1.5em&#8221; text_orientation=&#8221;center&#8221; max_width=&#8221;800px&#8221; module_alignment=&#8221;center&#8221; locked=&#8221;off&#8221; global_colors_info=&#8221;{}&#8221;]<\/p>\n<h2 style=\"text-align: left;\"><\/h2>\n<p style=\"text-align: left;\">A Paganini Solu\u00e7\u00f5es El\u00e9tricas preocupa-se com o meio ambiente, e, por esse motivo, sempre busca desenvolver solu\u00e7\u00f5es ecologicamente corretas, que contribuam para o crescimento sustent\u00e1vel do planeta.Possui equipe t\u00e9cnica altamente qualificada contando com profissionais, desde engenheiros a t\u00e9cnicos, com alto grau de experi\u00eancia e constantemente atualizados sobre as quest\u00f5es legais e tend\u00eancias nas \u00e1reas de atua\u00e7\u00e3o, capazes de suprir as necessidades dos clientes com agilidade, inova\u00e7\u00e3o, pontualidade, qualidade e seguran\u00e7a, proporcionando o melhor custo-benef\u00edcio.<br \/>Todos os servi\u00e7os prestados seguem elevados padr\u00f5es de qualidade e s\u00e3o desenvolvidos de acordo com as normas t\u00e9cnicas, garantindo seguran\u00e7a e qualidade das instala\u00e7\u00f5es el\u00e9tricas para o usu\u00e1rio final, maximizando a performance do sistema e gerando economia.<\/p>\n<p>[\/et_pb_text][\/et_pb_column][et_pb_column type=&#8221;1_2&#8243; _builder_version=&#8221;4.17.4&#8243; _module_preset=&#8221;default&#8221; global_colors_info=&#8221;{}&#8221;][et_pb_image src=&#8221;https:\/\/paganinisolucoeseletricas.com.br\/site\/wp-content\/uploads\/2023\/02\/Vert.-Com-Tag.-Vermelho-1024&#215;505.png&#8221; _builder_version=&#8221;4.19.1&#8243; _module_preset=&#8221;default&#8221; custom_padding=&#8221;20px||||false|false&#8221; hover_enabled=&#8221;0&#8243; global_colors_info=&#8221;{}&#8221; title_text=&#8221;Vert. Com Tag. Vermelho&#8221; sticky_enabled=&#8221;0&#8243;][\/et_pb_image][\/et_pb_column][\/et_pb_row][\/et_pb_section][et_pb_section fb_built=&#8221;1&#8243; _builder_version=&#8221;4.17.4&#8243; _module_preset=&#8221;default&#8221; custom_padding=&#8221;100px|0px|100px|0px&#8221; global_colors_info=&#8221;{}&#8221;][et_pb_row column_structure=&#8221;1_3,1_3,1_3&#8243; _builder_version=&#8221;4.16&#8243; _module_preset=&#8221;default&#8221; custom_margin=&#8221;|||&#8221; custom_width_px=&#8221;1440px&#8221; global_colors_info=&#8221;{}&#8221;][et_pb_column type=&#8221;1_3&#8243; _builder_version=&#8221;4.16&#8243; _module_preset=&#8221;default&#8221; custom_padding=&#8221;|||&#8221; global_colors_info=&#8221;{}&#8221; custom_padding__hover=&#8221;|||&#8221;][et_pb_blurb title=&#8221;Miss\u00e3o&#8221; image=&#8221;https:\/\/paganinisolucoeseletricas.com.br\/site\/wp-content\/uploads\/2022\/11\/missao.png&#8221; image_icon_width=&#8221;80%&#8221; _builder_version=&#8221;4.19.1&#8243; _module_preset=&#8221;default&#8221; header_font=&#8221;Lato|900||on|||||&#8221; header_font_size=&#8221;15px&#8221; header_letter_spacing=&#8221;1px&#8221; header_line_height=&#8221;1.4em&#8221; body_font=&#8221;Lato||||||||&#8221; body_text_color=&#8221;#898f99&#8243; body_font_size=&#8221;16px&#8221; body_line_height=&#8221;1.6em&#8221; text_orientation=&#8221;center&#8221; custom_margin=&#8221;|||&#8221; custom_padding=&#8221;|||&#8221; animation_style=&#8221;slide&#8221; animation_direction=&#8221;bottom&#8221; animation_intensity_slide=&#8221;4%&#8221; animation=&#8221;off&#8221; border_radii=&#8221;on|15px|15px|15px|15px&#8221; border_radii_image=&#8221;on|200px|200px|200px|200px&#8221; use_circle=&#8221;on&#8221; circle_color=&#8221;#3c39e6&#8243; global_colors_info=&#8221;{}&#8221;]<\/p>\n<p>Disponibilizar para o mercado, com experi\u00eancia, excel\u00eancia e inova\u00e7\u00e3o, solu\u00e7\u00f5es na \u00e1rea el\u00e9trica, promovendo a satisfa\u00e7\u00e3o e seguran\u00e7a do cliente, agregando valor e fidelizando parcerias que promovam o crescimento a longo prazo.<\/p>\n<p>[\/et_pb_blurb][\/et_pb_column][et_pb_column type=&#8221;1_3&#8243; _builder_version=&#8221;4.16&#8243; _module_preset=&#8221;default&#8221; custom_padding=&#8221;|||&#8221; global_colors_info=&#8221;{}&#8221; custom_padding__hover=&#8221;|||&#8221;][et_pb_blurb title=&#8221;vis\u00e3o&#8221; image=&#8221;https:\/\/paganinisolucoeseletricas.com.br\/site\/wp-content\/uploads\/2022\/11\/visao.png&#8221; image_icon_width=&#8221;80%&#8221; _builder_version=&#8221;4.19.1&#8243; _module_preset=&#8221;default&#8221; header_font=&#8221;Lato|900||on|||||&#8221; header_font_size=&#8221;15px&#8221; header_letter_spacing=&#8221;1px&#8221; header_line_height=&#8221;1.4em&#8221; body_font=&#8221;Lato||||||||&#8221; body_text_color=&#8221;#898f99&#8243; body_font_size=&#8221;16px&#8221; body_line_height=&#8221;1.6em&#8221; text_orientation=&#8221;center&#8221; custom_margin=&#8221;|||&#8221; custom_padding=&#8221;|||&#8221; animation_style=&#8221;slide&#8221; animation_direction=&#8221;bottom&#8221; animation_delay=&#8221;100ms&#8221; animation_intensity_slide=&#8221;4%&#8221; animation=&#8221;off&#8221; border_radii=&#8221;on|15px|15px|15px|15px&#8221; border_radii_image=&#8221;on|200px|200px|200px|200px&#8221; use_circle=&#8221;on&#8221; circle_color=&#8221;#3c39e6&#8243; global_colors_info=&#8221;{}&#8221;]<\/p>\n<p>Ser refer\u00eancia em solu\u00e7\u00f5es el\u00e9tricas na regi\u00e3o oeste de Santa Catarina, sempre almejando expandir a presen\u00e7a na regi\u00e3o, sendo sin\u00f4nimo de confian\u00e7a e qualidade para os clientes.<\/p>\n<p>[\/et_pb_blurb][\/et_pb_column][et_pb_column type=&#8221;1_3&#8243; _builder_version=&#8221;4.16&#8243; _module_preset=&#8221;default&#8221; custom_padding=&#8221;|||&#8221; global_colors_info=&#8221;{}&#8221; custom_padding__hover=&#8221;|||&#8221;][et_pb_blurb title=&#8221;valores&#8221; image=&#8221;https:\/\/paganinisolucoeseletricas.com.br\/site\/wp-content\/uploads\/2022\/11\/valores.png&#8221; image_icon_width=&#8221;80%&#8221; _builder_version=&#8221;4.19.1&#8243; _module_preset=&#8221;default&#8221; header_font=&#8221;Lato|900||on|||||&#8221; header_font_size=&#8221;15px&#8221; header_letter_spacing=&#8221;1px&#8221; header_line_height=&#8221;1.4em&#8221; body_font=&#8221;Lato||||||||&#8221; body_text_color=&#8221;#898f99&#8243; body_font_size=&#8221;16px&#8221; body_line_height=&#8221;1.6em&#8221; text_orientation=&#8221;center&#8221; custom_margin=&#8221;|||&#8221; custom_padding=&#8221;|||&#8221; animation_style=&#8221;slide&#8221; animation_direction=&#8221;bottom&#8221; animation_delay=&#8221;200ms&#8221; animation_intensity_slide=&#8221;4%&#8221; animation=&#8221;off&#8221; border_radii=&#8221;on|15px|15px|15px|15px&#8221; border_radii_image=&#8221;on|200px|200px|200px|200px&#8221; use_circle=&#8221;on&#8221; circle_color=&#8221;#3c39e6&#8243; global_colors_info=&#8221;{}&#8221;]<\/p>\n<p>\u00c9tica<br \/>Comprometimento<br \/>Confian\u00e7a<br \/>Inova\u00e7\u00e3o<br \/>Valoriza\u00e7\u00e3o das pessoas<br \/>Sustentabilidade<br \/>Responsabilidade<\/p>\n<p>[\/et_pb_blurb][\/et_pb_column][\/et_pb_row][\/et_pb_section][et_pb_section fb_built=&#8221;1&#8243; admin_label=&#8221;Hero section&#8221; _builder_version=&#8221;4.19.1&#8243; _module_preset=&#8221;default&#8221; use_background_color_gradient=&#8221;on&#8221; background_color_gradient_stops=&#8221;rgba(150,105,97,0.67) 35%|rgba(237,185,0,0.66) 100%&#8221; background_color_gradient_overlays_image=&#8221;on&#8221; background_color_gradient_start=&#8221;rgba(150,105,97,0.67)&#8221; background_color_gradient_end=&#8221;rgba(2,0,76,0.84)&#8221; background_image=&#8221;https:\/\/paganinisolucoeseletricas.com.br\/site\/wp-content\/uploads\/2022\/11\/AdobeStock_457404695-solicite-orcamento.jpg&#8221; background_position=&#8221;top_center&#8221; custom_margin=&#8221;|||&#8221; custom_padding=&#8221;10%||10%|&#8221; global_colors_info=&#8221;{}&#8221;][et_pb_row _builder_version=&#8221;4.17.4&#8243; _module_preset=&#8221;default&#8221; custom_margin=&#8221;|||&#8221; global_colors_info=&#8221;{}&#8221;][et_pb_column type=&#8221;4_4&#8243; _builder_version=&#8221;4.16&#8243; _module_preset=&#8221;default&#8221; custom_padding=&#8221;|||&#8221; global_colors_info=&#8221;{}&#8221; custom_padding__hover=&#8221;|||&#8221;][et_pb_cta title=&#8221;Solicite um or\u00e7amento&#8221; button_url=&#8221;https:\/\/paganinisolucoeseletricas.com.br\/site\/contato\/&#8221; button_text=&#8221;Entre em contato&#8221; _builder_version=&#8221;4.18.0&#8243; _module_preset=&#8221;default&#8221; header_font=&#8221;Lato|900||on|||||&#8221; header_font_size=&#8221;48px&#8221; header_letter_spacing=&#8221;2px&#8221; header_line_height=&#8221;1.2em&#8221; body_font=&#8221;Lato||||||||&#8221; body_font_size=&#8221;20px&#8221; body_line_height=&#8221;1.8em&#8221; use_background_color=&#8221;off&#8221; custom_button=&#8221;on&#8221; button_text_size=&#8221;16px&#8221; button_text_color=&#8221;#ffffff&#8221; button_bg_color=&#8221;#edb900&#8243; button_border_width=&#8221;6px&#8221; button_border_color=&#8221;#edb900&#8243; button_border_radius=&#8221;5px&#8221; button_letter_spacing=&#8221;2px&#8221; button_font=&#8221;Lato|900||on|||||&#8221; max_width=&#8221;750px&#8221; module_alignment=&#8221;center&#8221; animation_style=&#8221;fold&#8221; header_font_size_tablet=&#8221;40px&#8221; header_font_size_phone=&#8221;&#8221; header_font_size_last_edited=&#8221;on|tablet&#8221; header_text_shadow_style=&#8221;preset1&#8243; header_text_shadow_blur_strength=&#8221;0.6em&#8221; header_text_shadow_color=&#8221;rgba(0,0,0,0.24)&#8221; box_shadow_style_button=&#8221;preset3&#8243; box_shadow_blur_button=&#8221;30px&#8221; box_shadow_spread_button=&#8221;8px&#8221; box_shadow_color_button=&#8221;rgba(250,127,40,0.15)&#8221; button_letter_spacing_hover=&#8221;2px&#8221; global_colors_info=&#8221;{}&#8221; button_text_size__hover_enabled=&#8221;off&#8221; button_one_text_size__hover_enabled=&#8221;off&#8221; button_two_text_size__hover_enabled=&#8221;off&#8221; button_text_color__hover_enabled=&#8221;off&#8221; button_one_text_color__hover_enabled=&#8221;off&#8221; button_two_text_color__hover_enabled=&#8221;off&#8221; button_border_width__hover_enabled=&#8221;off&#8221; button_one_border_width__hover_enabled=&#8221;off&#8221; button_two_border_width__hover_enabled=&#8221;off&#8221; button_border_color__hover_enabled=&#8221;off&#8221; button_one_border_color__hover_enabled=&#8221;off&#8221; button_two_border_color__hover_enabled=&#8221;off&#8221; button_border_radius__hover_enabled=&#8221;off&#8221; button_one_border_radius__hover_enabled=&#8221;off&#8221; button_two_border_radius__hover_enabled=&#8221;off&#8221; button_letter_spacing__hover_enabled=&#8221;on&#8221; button_letter_spacing__hover=&#8221;2px&#8221; button_one_letter_spacing__hover_enabled=&#8221;off&#8221; button_two_letter_spacing__hover_enabled=&#8221;off&#8221; button_bg_color__hover_enabled=&#8221;off&#8221; button_one_bg_color__hover_enabled=&#8221;off&#8221; button_two_bg_color__hover_enabled=&#8221;off&#8221;]<\/p>\n<p>Estamos prontos para atend\u00ea-lo, fale conosco!<\/p>\n<p>[\/et_pb_cta][\/et_pb_column][\/et_pb_row][\/et_pb_section]<\/p>\n","protected":false},"excerpt":{"rendered":"<p>Sobre a Paganini Paganini Solu\u00e7\u00f5es El\u00e9tricas Fundada em 2009, na cidade de S\u00e3o Miguel do Oeste\/SC, a Paganini Solu\u00e7\u00f5es El\u00e9tricas oferece solu\u00e7\u00f5es com excel\u00eancia t\u00e9cnica no setor el\u00e9trico, especializada em projetos el\u00e9tricos, instala\u00e7\u00e3o e manuten\u00e7\u00e3o de baixa e m\u00e9dia tens\u00e3o, pain\u00e9is el\u00e9tricos, automa\u00e7\u00e3o industrial, materiais el\u00e9tricos, sistemas preventivos, estudos e laudos t\u00e9cnicos, sistemas de seguran\u00e7a [&hellip;]<\/p>\n","protected":false},"author":1,"featured_media":0,"parent":0,"menu_order":0,"comment_status":"closed","ping_status":"closed","template":"","meta":{"_et_pb_use_builder":"on","_et_pb_old_content":"","_et_gb_content_width":"","footnotes":""},"class_list":["post-77","page","type-page","status-publish","hentry"],"_links":{"self":[{"href":"https:\/\/paganinisolucoeseletricas.com.br\/site\/wp-json\/wp\/v2\/pages\/77","targetHints":{"allow":["GET"]}}],"collection":[{"href":"https:\/\/paganinisolucoeseletricas.com.br\/site\/wp-json\/wp\/v2\/pages"}],"about":[{"href":"https:\/\/paganinisolucoeseletricas.com.br\/site\/wp-json\/wp\/v2\/types\/page"}],"author":[{"embeddable":true,"href":"https:\/\/paganinisolucoeseletricas.com.br\/site\/wp-json\/wp\/v2\/users\/1"}],"replies":[{"embeddable":true,"href":"https:\/\/paganinisolucoeseletricas.com.br\/site\/wp-json\/wp\/v2\/comments?post=77"}],"version-history":[{"count":18,"href":"https:\/\/paganinisolucoeseletricas.com.br\/site\/wp-json\/wp\/v2\/pages\/77\/revisions"}],"predecessor-version":[{"id":459,"href":"https:\/\/paganinisolucoeseletricas.com.br\/site\/wp-json\/wp\/v2\/pages\/77\/revisions\/459"}],"wp:attachment":[{"href":"https:\/\/paganinisolucoeseletricas.com.br\/site\/wp-json\/wp\/v2\/media?parent=77"}],"curies":[{"name":"wp","href":"https:\/\/api.w.org\/{rel}","templated":true}]}}